{"id":49,"date":"2016-01-20T22:18:13","date_gmt":"2016-01-20T21:18:13","guid":{"rendered":"http:\/\/tcnidda.de\/?page_id=49"},"modified":"2024-07-17T07:48:39","modified_gmt":"2024-07-17T06:48:39","slug":"mitgliedsbeitrag","status":"publish","type":"page","link":"https:\/\/www.tcnidda.de\/?page_id=49","title":{"rendered":"Mitglied werden"},"content":{"rendered":"<p>Wir suchen immer nach neuen Mitgliedern die Spa\u00df am Tennisspielen haben und unsere Teams unterst\u00fctzen m\u00f6chten.<\/p>\n<p><strong>Mitgliedsgeb\u00fchren<br \/>\n<\/strong><br \/>\n15,00 \u20ac \/ Monat\u00a0&#8211; Erwachsene<br \/>\n10,00 \u20ac \/ Monat &#8211; 2. Familienmitglied und\u00a0im Haushalt\u00a0lebende Kinder bis 27 Jahre<br \/>\n5,00 \u20ac\u00a0 \/ Monat &#8211; Sch\u00fcler\u00a0 und Auszubildende<br \/>\n5,00 \u20ac\u00a0 \/ Monat &#8211; Passive Mitglieder<br \/>\n3,00 \u20ac\u00a0 \/ Monat &#8211; Jugendliche bis 18 Jahre<\/p>\n<p>Kinder unter 8 Jahre:\u00a0 frei<\/p>\n<p>70,00 \u20ac \/ Jahr \u00a0 \u00a0&#8211; Zweitmitgliedschaft f\u00fcr Mitglieder die schon in einem anderen Tennis-Verein Mitglied sind<\/p>\n<p><strong>Schnuppermitgliedschaft<\/strong><br \/>\nWir bieten eine dreimonatige Schnuppermitgliedschaft zum Preis von 49.- \u20ac. Leihschl\u00e4ger und B\u00e4lle sind f\u00fcr Anf\u00e4nger inbegriffen. Trainerstunden auf Wunsch kurzfristig buchbar.<\/p>\n<p><strong>Arbeitsleistung<\/strong><br \/>\nJedes aktive Mitglied von 19 bis 75 Jahren hat j\u00e4hrlich acht Arbeitsstunden, Jugendliche von 16 bis 18 Jahren drei Arbeitsstunden zu leisten.<br \/>\nSelbstverst\u00e4ndlich sind die Stunden \u00fcbertragbar, d. h. Mitglied A kann den Dienst des Mitglieds B verrichten.<\/p>\n<p>Jede nicht geleistete Stunde wird mit 8 \u20ac berechnet.<\/p>\n<p>Da die Altersgrenze von 70 auf 75 Jahre angehoben wurde, gilt die neue Regelung dennoch nicht f\u00fcr die Jahrg\u00e4nge 1933 bis 1937. Diese bleiben auch weiterhin von der Arbeitsleistung befreit (Besitzstandswahrung!)<\/p>\n<p><strong>Antragsformular<\/strong><br \/>\nUnser Antragsformular finden Sie hier: <a href=\"https:\/\/www.tcnidda.de\/wp-content\/uploads\/2024\/07\/TCNidda-Antragsformular.pdf\" target=\"_blank\" rel=\"noopener noreferrer\">Antragsformular<\/a><\/p>\n","protected":false},"excerpt":{"rendered":"<p>Wir suchen immer nach neuen Mitgliedern die Spa\u00df am Tennisspielen haben und unsere Teams unterst\u00fctzen m\u00f6chten. Mitgliedsgeb\u00fchren 15,00 \u20ac \/ Monat\u00a0&#8211; Erwachsene 10,00 \u20ac \/ Monat &#8211; 2. Familienmitglied und\u00a0im Haushalt\u00a0lebende Kinder bis 27 Jahre 5,00 \u20ac\u00a0 \/ Monat &#8211; Sch\u00fcler\u00a0 und Auszubildende 5,00 \u20ac\u00a0 \/ Monat &#8211; Passive Mitglieder 3,00 \u20ac\u00a0 \/ Monat &#8211; Jugendliche bis 18 Jahre Kinder unter 8 Jahre:\u00a0 frei 70,00 \u20ac \/ Jahr \u00a0 \u00a0&#8211; Zweitmitgliedschaft f\u00fcr Mitglieder die schon in einem anderen Tennis-Verein Mitglied sind Schnuppermitgliedschaft Wir bieten eine dreimonatige Schnuppermitgliedschaft zum Preis von 49.- \u20ac. Leihschl\u00e4ger und B\u00e4lle sind f\u00fcr Anf\u00e4nger inbegriffen. Trainerstunden auf Wunsch kurzfristig buchbar. Arbeitsleistung Jedes aktive Mitglied von 19 bis 75 Jahren hat j\u00e4hrlich acht Arbeitsstunden, Jugendliche von 16 bis 18 Jahren drei Arbeitsstunden zu leisten. Selbstverst\u00e4ndlich sind die Stunden \u00fcbertragbar, d. h. Mitglied A kann den Dienst des Mitglieds B verrichten. Jede nicht geleistete Stunde wird mit 8 \u20ac berechnet. Da die Altersgrenze von 70 auf 75 Jahre angehoben wurde, gilt die neue Regelung dennoch nicht f\u00fcr die Jahrg\u00e4nge 1933 bis 1937. Diese bleiben auch weiterhin von der Arbeitsleistung befreit (Besitzstandswahrung!) Antragsformular Unser Antragsformular finden Sie hier: Antragsformular<\/p>\n","protected":false},"author":1,"featured_media":0,"parent":0,"menu_order":0,"comment_status":"closed","ping_status":"closed","template":"","meta":{"_mc_calendar":[],"footnotes":""},"class_list":["post-49","page","type-page","status-publish","hentry"],"_links":{"self":[{"href":"https:\/\/www.tcnidda.de\/index.php?rest_route=\/wp\/v2\/pages\/49","targetHints":{"allow":["GET"]}}],"collection":[{"href":"https:\/\/www.tcnidda.de\/index.php?rest_route=\/wp\/v2\/pages"}],"about":[{"href":"https:\/\/www.tcnidda.de\/index.php?rest_route=\/wp\/v2\/types\/page"}],"author":[{"embeddable":true,"href":"https:\/\/www.tcnidda.de\/index.php?rest_route=\/wp\/v2\/users\/1"}],"replies":[{"embeddable":true,"href":"https:\/\/www.tcnidda.de\/index.php?rest_route=%2Fwp%2Fv2%2Fcomments&post=49"}],"version-history":[{"count":32,"href":"https:\/\/www.tcnidda.de\/index.php?rest_route=\/wp\/v2\/pages\/49\/revisions"}],"predecessor-version":[{"id":1940,"href":"https:\/\/www.tcnidda.de\/index.php?rest_route=\/wp\/v2\/pages\/49\/revisions\/1940"}],"wp:attachment":[{"href":"https:\/\/www.tcnidda.de\/index.php?rest_route=%2Fwp%2Fv2%2Fmedia&parent=49"}],"curies":[{"name":"wp","href":"https:\/\/api.w.org\/{rel}","templated":true}]}}