{"id":1888,"date":"2024-02-17T17:43:14","date_gmt":"2024-02-17T16:43:14","guid":{"rendered":"https:\/\/www.tcnidda.de\/?page_id=1888"},"modified":"2026-04-10T18:55:49","modified_gmt":"2026-04-10T17:55:49","slug":"veranstaltungen-2024","status":"publish","type":"page","link":"https:\/\/www.tcnidda.de\/?page_id=1888","title":{"rendered":"Veranstaltungen"},"content":{"rendered":"<h2 style=\"text-align: center;\">Veranstaltungen 2026<\/h2>\n<p>&nbsp;<\/p>\n<hr \/>\n<p style=\"text-align: center;\"><strong>25. April<del><br \/>\n<\/del><\/strong><strong>Saisoner\u00f6ffnung<br \/>\n<\/strong><span style=\"font-size: 10pt;\">Ab 14:00 Schnuppertag f\u00fcr alle Tennisinteressierten<\/span><br \/>\n<span style=\"font-size: 10pt;\">ab 15:30 Freies Spiel f\u00fcr alle mit Leckereien vom Grill und k\u00fchlen Getr\u00e4nken\u00a0<\/span><\/p>\n<hr \/>\n<p style=\"text-align: center;\"><strong>27. Juni<del><br \/>\n<\/del>HTV-L\u00f6wenkids Tour <img loading=\"lazy\" decoding=\"async\" class=\"wp-image-1983 size-thumbnail aligncenter\" src=\"https:\/\/www.tcnidda.de\/wp-content\/uploads\/2025\/06\/HTV-Loewenkids-Logo-150x150.png\" alt=\"\" width=\"150\" height=\"150\" \/><br \/>\n<\/strong><\/p>\n<hr \/>\n<p style=\"text-align: center;\"><strong>08. &#8211; 09. August<br \/>\n<\/strong><strong>LINAK CUP<br \/>\n<\/strong><\/p>\n<p style=\"text-align: center;\"><img loading=\"lazy\" decoding=\"async\" class=\"size-full wp-image-145 aligncenter\" src=\"http:\/\/www.tcnidda.de\/wp-content\/uploads\/2016\/01\/Logo_LINAK.jpg\" alt=\"\" width=\"129\" height=\"42\" \/><\/p>\n<hr \/>\n<p style=\"text-align: center;\">\n","protected":false},"excerpt":{"rendered":"<p>Veranstaltungen 2026 &nbsp; 25. April Saisoner\u00f6ffnung Ab 14:00 Schnuppertag f\u00fcr alle Tennisinteressierten ab 15:30 Freies Spiel f\u00fcr alle mit Leckereien vom Grill und k\u00fchlen Getr\u00e4nken\u00a0 27. Juni HTV-L\u00f6wenkids Tour 08. &#8211; 09. August LINAK CUP<\/p>\n","protected":false},"author":2,"featured_media":0,"parent":0,"menu_order":0,"comment_status":"closed","ping_status":"closed","template":"","meta":{"_mc_calendar":[],"footnotes":""},"class_list":["post-1888","page","type-page","status-publish","hentry"],"_links":{"self":[{"href":"https:\/\/www.tcnidda.de\/index.php?rest_route=\/wp\/v2\/pages\/1888","targetHints":{"allow":["GET"]}}],"collection":[{"href":"https:\/\/www.tcnidda.de\/index.php?rest_route=\/wp\/v2\/pages"}],"about":[{"href":"https:\/\/www.tcnidda.de\/index.php?rest_route=\/wp\/v2\/types\/page"}],"author":[{"embeddable":true,"href":"https:\/\/www.tcnidda.de\/index.php?rest_route=\/wp\/v2\/users\/2"}],"replies":[{"embeddable":true,"href":"https:\/\/www.tcnidda.de\/index.php?rest_route=%2Fwp%2Fv2%2Fcomments&post=1888"}],"version-history":[{"count":19,"href":"https:\/\/www.tcnidda.de\/index.php?rest_route=\/wp\/v2\/pages\/1888\/revisions"}],"predecessor-version":[{"id":2048,"href":"https:\/\/www.tcnidda.de\/index.php?rest_route=\/wp\/v2\/pages\/1888\/revisions\/2048"}],"wp:attachment":[{"href":"https:\/\/www.tcnidda.de\/index.php?rest_route=%2Fwp%2Fv2%2Fmedia&parent=1888"}],"curies":[{"name":"wp","href":"https:\/\/api.w.org\/{rel}","templated":true}]}}