{"id":1736,"date":"2022-11-01T22:46:27","date_gmt":"2022-11-01T21:46:27","guid":{"rendered":"https:\/\/www.tcnidda.de\/?page_id=1736"},"modified":"2023-05-21T16:24:03","modified_gmt":"2023-05-21T15:24:03","slug":"getraenkeliste","status":"publish","type":"page","link":"https:\/\/www.tcnidda.de\/?page_id=1736","title":{"rendered":"Getr\u00e4nkeliste"},"content":{"rendered":"<h3>Getr\u00e4nkeliste-App als Ersatz der alten Strichliste<\/h3>\n<p>Zum Saisonstart 2023 f\u00fchren wir im Clubhaus die M\u00f6glichkeit ein, die Getr\u00e4nkeliste elektronisch \u00fcber die Getr\u00e4nkelisten-App zu erfassen.<br \/>\n\u00dcber diese App werden nicht nur Getr\u00e4nke und Snacks, sondern auch andere Dienstleistungen wie Tennisb\u00e4lle oder Spielen mit G\u00e4sten abgerechnet.<\/p>\n<p>Jedes Clubmitglied erh\u00e4lt einen pers\u00f6nlichen PIN mit welchem er sich entweder auf dem Tablet oder dem eigenen Smartphone authentifizieren und dann entsprechende Getr\u00e4nke usw. verbuchen kann.<br \/>\nH\u00f6rt sich erstmal kompliziert an, ist aber super einfach.<\/p>\n<p id=\"cc-m-header-9267209076\"><strong>Bedienung \u00fcber Tablet im Clubhaus<\/strong><\/p>\n<table style=\"border-collapse: collapse; width: 100%;\">\n<tbody>\n<tr>\n<td style=\"width: 25%; text-align: center;\"><strong>Konto ausw\u00e4hlen<\/strong><\/td>\n<td style=\"width: 25%; text-align: center;\"><strong style=\"text-align: center;\">PIN Eingabe<\/strong><\/td>\n<td style=\"width: 25%; text-align: center;\"><strong style=\"text-align: center;\">Erfassen<\/strong><\/td>\n<td style=\"width: 25%; text-align: center;\"><strong style=\"text-align: center;\">Abschlie\u00dfen<\/strong><\/td>\n<\/tr>\n<tr>\n<td style=\"width: 25%;\"><img loading=\"lazy\" decoding=\"async\" class=\"size-medium wp-image-1738 aligncenter\" src=\"https:\/\/www.tcnidda.de\/wp-content\/uploads\/2022\/11\/Konten-169x300.png\" alt=\"\" width=\"169\" height=\"300\" srcset=\"https:\/\/www.tcnidda.de\/wp-content\/uploads\/2022\/11\/Konten-169x300.png 169w, https:\/\/www.tcnidda.de\/wp-content\/uploads\/2022\/11\/Konten.png 244w\" sizes=\"auto, (max-width: 169px) 100vw, 169px\" \/><\/td>\n<td style=\"width: 25%;\"><img loading=\"lazy\" decoding=\"async\" class=\"size-medium wp-image-1740 aligncenter\" src=\"https:\/\/www.tcnidda.de\/wp-content\/uploads\/2022\/11\/PIN-169x300.png\" alt=\"\" width=\"169\" height=\"300\" srcset=\"https:\/\/www.tcnidda.de\/wp-content\/uploads\/2022\/11\/PIN-169x300.png 169w, https:\/\/www.tcnidda.de\/wp-content\/uploads\/2022\/11\/PIN.png 244w\" sizes=\"auto, (max-width: 169px) 100vw, 169px\" \/><\/td>\n<td style=\"width: 25%;\"><img loading=\"lazy\" decoding=\"async\" class=\"size-medium wp-image-1739 aligncenter\" src=\"https:\/\/www.tcnidda.de\/wp-content\/uploads\/2022\/11\/Liste-169x300.png\" alt=\"\" width=\"169\" height=\"300\" srcset=\"https:\/\/www.tcnidda.de\/wp-content\/uploads\/2022\/11\/Liste-169x300.png 169w, https:\/\/www.tcnidda.de\/wp-content\/uploads\/2022\/11\/Liste.png 244w\" sizes=\"auto, (max-width: 169px) 100vw, 169px\" \/><\/td>\n<td style=\"width: 25%;\"><img loading=\"lazy\" decoding=\"async\" class=\"size-medium wp-image-1737 aligncenter\" src=\"https:\/\/www.tcnidda.de\/wp-content\/uploads\/2022\/11\/Abrechnung-169x300.png\" alt=\"\" width=\"169\" height=\"300\" srcset=\"https:\/\/www.tcnidda.de\/wp-content\/uploads\/2022\/11\/Abrechnung-169x300.png 169w, https:\/\/www.tcnidda.de\/wp-content\/uploads\/2022\/11\/Abrechnung.png 244w\" sizes=\"auto, (max-width: 169px) 100vw, 169px\" \/><\/td>\n<\/tr>\n<tr>\n<td style=\"width: 25%; text-align: center; vertical-align: top;\"><span style=\"text-align: center;\">Mit\u00a0<\/span><strong style=\"text-align: center;\">wischen nach oben\/unten<\/strong><span style=\"text-align: center;\">\u00a0k\u00f6nnt ihr euren Namen suchen. Ber\u00fchrt dann das\u00a0<\/span><strong style=\"text-align: center;\">&gt;<\/strong><span style=\"text-align: center;\">\u00a0Symbol auf der rechten Seite neben eurem Namen.<\/span><\/td>\n<td style=\"width: 25%; text-align: center; vertical-align: top;\"><span style=\"text-align: center;\">Gebt nun euren\u00a0<\/span><strong style=\"text-align: center;\">PIN Code<\/strong><span style=\"text-align: center;\">\u00a0ein. Achtet darauf, dass alle Ziffern angenommen wurden\u00a0<\/span><strong style=\"text-align: center;\">(***** &#8211; Anzeige<\/strong><span style=\"text-align: center;\">) und best\u00e4tigt mit dem Haken.\u00a0<\/span><strong style=\"text-align: center;\">Wer seinen PIN vergessen hat, kann diesen erneut anfordern<\/strong><span style=\"text-align: center;\">.<\/span><\/td>\n<td style=\"width: 25%; text-align: center; vertical-align: top;\"><span style=\"text-align: center;\">Zuoberst seht ihr euren aktuellen Kontostand. Wischt durch die Liste und klickt auf das\u00a0<\/span><strong style=\"text-align: center;\">+ Zeichen<\/strong><span style=\"text-align: center;\">\u00a0f\u00fcr eure Buchung.<\/span><\/td>\n<td style=\"width: 25%; text-align: center; vertical-align: top;\"><span style=\"text-align: center;\">Zum Schluss wischt ihr ganz nach unten und best\u00e4tigt euren Kauf, indem ihr das\u00a0<\/span><strong style=\"text-align: center;\">Buchen<\/strong><span style=\"text-align: center;\">-Feld antippt.<\/span><\/td>\n<\/tr>\n<tr>\n<td style=\"width: 25%;\"><\/td>\n<td style=\"width: 25%;\"><\/td>\n<td style=\"width: 25%;\"><\/td>\n<td style=\"width: 25%;\"><\/td>\n<\/tr>\n<tr>\n<td style=\"width: 25%; text-align: center;\"><strong>Konto-Men\u00fc<\/strong><\/td>\n<td style=\"width: 25%; text-align: center;\"><strong>Verlauf \/ offene Artikel<\/strong><\/td>\n<td style=\"width: 25%; text-align: center;\"><strong>PIN \u00e4ndern<\/strong><\/td>\n<td style=\"width: 25%; text-align: center;\"><strong>QR-Code f\u00fcr App<\/strong><\/td>\n<\/tr>\n<tr>\n<td style=\"width: 25%;\"><img loading=\"lazy\" decoding=\"async\" class=\"size-medium wp-image-1741 aligncenter\" src=\"https:\/\/www.tcnidda.de\/wp-content\/uploads\/2022\/11\/Funktionen-169x300.png\" alt=\"\" width=\"169\" height=\"300\" srcset=\"https:\/\/www.tcnidda.de\/wp-content\/uploads\/2022\/11\/Funktionen-169x300.png 169w, https:\/\/www.tcnidda.de\/wp-content\/uploads\/2022\/11\/Funktionen.png 244w\" sizes=\"auto, (max-width: 169px) 100vw, 169px\" \/><\/td>\n<td style=\"width: 25%;\"><img loading=\"lazy\" decoding=\"async\" class=\"size-medium wp-image-1744 aligncenter\" src=\"https:\/\/www.tcnidda.de\/wp-content\/uploads\/2022\/11\/Verlauf-169x300.png\" alt=\"\" width=\"169\" height=\"300\" srcset=\"https:\/\/www.tcnidda.de\/wp-content\/uploads\/2022\/11\/Verlauf-169x300.png 169w, https:\/\/www.tcnidda.de\/wp-content\/uploads\/2022\/11\/Verlauf.png 244w\" sizes=\"auto, (max-width: 169px) 100vw, 169px\" \/><\/td>\n<td style=\"width: 25%;\"><img loading=\"lazy\" decoding=\"async\" class=\"size-medium wp-image-1742 aligncenter\" src=\"https:\/\/www.tcnidda.de\/wp-content\/uploads\/2022\/11\/PIN_aendern-169x300.png\" alt=\"\" width=\"169\" height=\"300\" srcset=\"https:\/\/www.tcnidda.de\/wp-content\/uploads\/2022\/11\/PIN_aendern-169x300.png 169w, https:\/\/www.tcnidda.de\/wp-content\/uploads\/2022\/11\/PIN_aendern.png 244w\" sizes=\"auto, (max-width: 169px) 100vw, 169px\" \/><\/td>\n<td style=\"width: 25%;\"><img loading=\"lazy\" decoding=\"async\" class=\"size-medium wp-image-1743 aligncenter\" src=\"https:\/\/www.tcnidda.de\/wp-content\/uploads\/2022\/11\/QR-169x300.png\" alt=\"\" width=\"169\" height=\"300\" srcset=\"https:\/\/www.tcnidda.de\/wp-content\/uploads\/2022\/11\/QR-169x300.png 169w, https:\/\/www.tcnidda.de\/wp-content\/uploads\/2022\/11\/QR.png 244w\" sizes=\"auto, (max-width: 169px) 100vw, 169px\" \/><\/td>\n<\/tr>\n<tr>\n<td style=\"width: 25%;\"><span style=\"text-align: center;\">Anklicken von &#8222;<\/span><strong style=\"text-align: center;\">Konto<\/strong><span style=\"text-align: center;\">&#8220; (oben rechts) zeigt die Kontofunktionen an.<\/span><\/td>\n<td style=\"width: 25%;\"><span style=\"text-align: center;\">Anzeige der gebuchten aber noch nicht bezahlten Buchungen<\/span><\/td>\n<td style=\"width: 25%;\"><span style=\"text-align: center;\">Hier kann der PIN ge\u00e4ndert werden<\/span><\/td>\n<td style=\"width: 25%;\"><span style=\"text-align: center;\">Mit dieser Funktion kann ein QR-Code zum Verbinden der App auf dem Handy angezeigt werden.<\/span><\/td>\n<\/tr>\n<\/tbody>\n<\/table>\n<p><strong>Bedienung \u00fcber App auf Handy<\/strong><\/p>\n<div id=\"cc-m-9267214076\" class=\"j-module n j-text \">\n<p>Die Bedienung \u00fcber die App auf eurem Handy ist noch viel einfacher, da das Eintippen der PIN-Nummer entf\u00e4llt. Die App muss einmalig eingerichtet werden, so dass das Konto automatisch zugeordnet ist.<\/p>\n<table style=\"border-collapse: collapse; width: 73.3415%;\">\n<tbody>\n<tr>\n<td style=\"width: 35.2837%;\"><a href=\"https:\/\/itunes.apple.com\/de\/app\/getrankeliste\/id1166693139\" target=\"_blank\" rel=\"noopener\"><img decoding=\"async\" id=\"cc-m-imagesubtitle-image-9267215976\" class=\"\" src=\"https:\/\/image.jimcdn.com\/app\/cms\/image\/transf\/dimension=244x10000:format=jpg\/path\/s110822b1fc049af6\/image\/i685c33c1adf99412\/version\/1617348208\/image.jpg\" sizes=\"(min-width: 244px) 244px, 100vw\" srcset=\"https:\/\/image.jimcdn.com\/app\/cms\/image\/transf\/dimension=244x10000:format=jpg\/path\/s110822b1fc049af6\/image\/i685c33c1adf99412\/version\/1617348208\/image.jpg 244w, https:\/\/image.jimcdn.com\/app\/cms\/image\/transf\/none\/path\/s110822b1fc049af6\/image\/i685c33c1adf99412\/version\/1617348208\/image.jpg 300w\" alt=\"\" data-src-width=\"300\" data-src-height=\"91\" data-src=\"https:\/\/image.jimcdn.com\/app\/cms\/image\/transf\/dimension=244x10000:format=jpg\/path\/s110822b1fc049af6\/image\/i685c33c1adf99412\/version\/1617348208\/image.jpg\" data-image-id=\"6087664876\" \/><\/a><\/td>\n<td style=\"width: 38.0583%;\"><a href=\"https:\/\/play.google.com\/store\/apps\/details?id=com.iqmeta.gliste&amp;hl=de\" target=\"_blank\" rel=\"noopener\"><img decoding=\"async\" id=\"cc-m-imagesubtitle-image-9267216276\" class=\"\" src=\"https:\/\/image.jimcdn.com\/app\/cms\/image\/transf\/dimension=244x10000:format=jpg\/path\/s110822b1fc049af6\/image\/ied83c1ac6ec737e0\/version\/1617348240\/image.jpg\" sizes=\"(min-width: 244px) 244px, 100vw\" srcset=\"https:\/\/image.jimcdn.com\/app\/cms\/image\/transf\/dimension=244x10000:format=jpg\/path\/s110822b1fc049af6\/image\/ied83c1ac6ec737e0\/version\/1617348240\/image.jpg 244w, https:\/\/image.jimcdn.com\/app\/cms\/image\/transf\/none\/path\/s110822b1fc049af6\/image\/ied83c1ac6ec737e0\/version\/1617348240\/image.jpg 300w\" alt=\"\" data-src-width=\"300\" data-src-height=\"90\" data-src=\"https:\/\/image.jimcdn.com\/app\/cms\/image\/transf\/dimension=244x10000:format=jpg\/path\/s110822b1fc049af6\/image\/ied83c1ac6ec737e0\/version\/1617348240\/image.jpg\" data-image-id=\"6087665076\" \/><\/a><\/td>\n<\/tr>\n<\/tbody>\n<\/table>\n<\/div>\n<div id=\"cc-m-9267216376\" class=\"j-module n j-hgrid \">\n<div class=\"cc-m-hgrid-column\">\n<div id=\"cc-matrix-2458600476\">\n<div id=\"cc-m-9267215976\" class=\"j-module n j-imageSubtitle \">\n<figure class=\"cc-imagewrapper cc-m-image-align-3\"><\/figure>\n<div>Die Abrechnung erfolgt in gewohnter Weise als Abbuchung vom Konto!<\/div>\n<div class=\"cc-clear\">Die alte Strichliste wird es erstmal bis zum Jahresende 2023 als \u00dcbergang noch weiterhin geben. Wir sind uns aber sicher dass durch die Einf\u00fchrung der neuen App diese recht schnell wegfallen wird.<\/div>\n<div>Wir zeigen gerne JEDEM einzelnen wie die App eingerichtet und genutzt wird!<\/div>\n<\/div>\n<\/div>\n<\/div>\n<\/div>\n","protected":false},"excerpt":{"rendered":"<p>Getr\u00e4nkeliste-App als Ersatz der alten Strichliste Zum Saisonstart 2023 f\u00fchren wir im Clubhaus die M\u00f6glichkeit ein, die Getr\u00e4nkeliste elektronisch \u00fcber die Getr\u00e4nkelisten-App zu erfassen. \u00dcber diese App werden nicht nur Getr\u00e4nke und Snacks, sondern auch andere Dienstleistungen wie Tennisb\u00e4lle oder Spielen mit G\u00e4sten abgerechnet. Jedes Clubmitglied erh\u00e4lt einen pers\u00f6nlichen PIN mit welchem er sich entweder auf dem Tablet oder dem eigenen Smartphone authentifizieren und dann entsprechende Getr\u00e4nke usw. verbuchen kann. H\u00f6rt sich erstmal kompliziert an, ist aber super einfach. Bedienung \u00fcber Tablet im Clubhaus Konto ausw\u00e4hlen PIN Eingabe Erfassen Abschlie\u00dfen Mit\u00a0wischen nach oben\/unten\u00a0k\u00f6nnt ihr euren Namen suchen. Ber\u00fchrt dann das\u00a0&gt;\u00a0Symbol auf der rechten Seite neben eurem Namen. Gebt nun euren\u00a0PIN Code\u00a0ein. Achtet darauf, dass alle Ziffern angenommen wurden\u00a0(***** &#8211; Anzeige) und best\u00e4tigt mit dem Haken.\u00a0Wer seinen PIN vergessen hat, kann diesen erneut anfordern. Zuoberst seht ihr euren aktuellen Kontostand. Wischt durch die Liste und klickt auf das\u00a0+ Zeichen\u00a0f\u00fcr eure Buchung. Zum Schluss wischt ihr ganz nach unten und best\u00e4tigt euren Kauf, indem ihr das\u00a0Buchen-Feld antippt. Konto-Men\u00fc Verlauf \/ offene Artikel PIN \u00e4ndern QR-Code f\u00fcr App Anklicken von &#8222;Konto&#8220; (oben rechts) zeigt die Kontofunktionen an. Anzeige der gebuchten aber noch nicht bezahlten Buchungen Hier kann der PIN ge\u00e4ndert werden Mit dieser Funktion kann ein QR-Code zum Verbinden der App auf dem Handy angezeigt werden. Bedienung \u00fcber App auf Handy Die Bedienung \u00fcber die App auf eurem Handy ist noch viel einfacher, da das Eintippen der PIN-Nummer entf\u00e4llt. Die App muss einmalig eingerichtet werden, so dass das Konto automatisch zugeordnet ist. Die <a class=\"read-more\" href=\"https:\/\/www.tcnidda.de\/?page_id=1736\">Continue Reading &#8594;<\/a><\/p>\n","protected":false},"author":2,"featured_media":0,"parent":0,"menu_order":0,"comment_status":"closed","ping_status":"closed","template":"","meta":{"_mc_calendar":[],"footnotes":""},"class_list":["post-1736","page","type-page","status-publish","hentry"],"_links":{"self":[{"href":"https:\/\/www.tcnidda.de\/index.php?rest_route=\/wp\/v2\/pages\/1736","targetHints":{"allow":["GET"]}}],"collection":[{"href":"https:\/\/www.tcnidda.de\/index.php?rest_route=\/wp\/v2\/pages"}],"about":[{"href":"https:\/\/www.tcnidda.de\/index.php?rest_route=\/wp\/v2\/types\/page"}],"author":[{"embeddable":true,"href":"https:\/\/www.tcnidda.de\/index.php?rest_route=\/wp\/v2\/users\/2"}],"replies":[{"embeddable":true,"href":"https:\/\/www.tcnidda.de\/index.php?rest_route=%2Fwp%2Fv2%2Fcomments&post=1736"}],"version-history":[{"count":7,"href":"https:\/\/www.tcnidda.de\/index.php?rest_route=\/wp\/v2\/pages\/1736\/revisions"}],"predecessor-version":[{"id":1828,"href":"https:\/\/www.tcnidda.de\/index.php?rest_route=\/wp\/v2\/pages\/1736\/revisions\/1828"}],"wp:attachment":[{"href":"https:\/\/www.tcnidda.de\/index.php?rest_route=%2Fwp%2Fv2%2Fmedia&parent=1736"}],"curies":[{"name":"wp","href":"https:\/\/api.w.org\/{rel}","templated":true}]}}