{"id":134,"date":"2016-01-21T19:52:02","date_gmt":"2016-01-21T18:52:02","guid":{"rendered":"http:\/\/tcnidda.de\/?page_id=134"},"modified":"2022-04-10T09:59:58","modified_gmt":"2022-04-10T08:59:58","slug":"platzordnung","status":"publish","type":"page","link":"https:\/\/www.tcnidda.de\/?page_id=134","title":{"rendered":"Platzordnung (alt)"},"content":{"rendered":"<p><strong>Die Anlage<\/strong><br \/>\nWir bitten, das Gel\u00e4nde, die Tennispl\u00e4tze und das Clubhaus sauber zu halten.<br \/>\nDie Benutzung der Pl\u00e4tze ist nur zur Aus\u00fcbung des Tennissports gestattet. Dazu sind unbedingt Tennisschuhe zu tragen.<\/p>\n<p>Das Betreten des Clubhauses ist mit Tennisschuhen nicht gestattet.<br \/>\nBeim Verlassen der Anlage (Clubhaus, Pl\u00e4tze) ist abzuschlie\u00dfen. Gegen Pfand erhalten Mitglieder vom Technischen Leiter einen Schl\u00fcssel.<\/p>\n<p><strong>Spielberechtigung<\/strong><br \/>\nAllen Mitgliedern im Besitz einer auf ihren Namen lautenden Magnetkarte (aktive Mitglieder) ist die Platzbenutzung jederzeit gestattet.<br \/>\nNichtmitglieder k\u00f6nnen gegen Geb\u00fchr ( 5 \u20ac pro Person, 10 \u20ac pro Platz) die Anlage benutzen. Bei starker Frequentierung der Pl\u00e4tze durch Mitglieder kann die Benutzung f\u00fcr G\u00e4ste nach 17 Uhr unter Umst\u00e4nden eingeschr\u00e4nkt werden.<\/p>\n<p><strong>Spielbetrieb<\/strong><br \/>\nDie Spielzeit betr\u00e4gt einschlie\u00dflich Platzpflege f\u00fcr Einzel und Doppel 60 Minuten.<br \/>\nSpielberechtigt ist, wer seine Magnetkarte an der Zeittafel anh\u00e4ngt und bis zum Spielbeginn die Anlage nicht verl\u00e4sst.<br \/>\nNicht erlaubt ist zu spielen und seine Karte bereits f\u00fcr eine weitere Spielzeit zu h\u00e4ngen.<br \/>\nJede\/r Magnetkarteninhaber\/in hat die M\u00f6glichkeit, Platz 4 f\u00fcr eine Stunde einmal pro Woche vorzubestellen. eine Vorbelegung kann l\u00e4ngstens auf die n\u00e4chstfolgende Woche geschehen.<br \/>\nMannschaften haben zu Trainingszwecken Anspruch auf die feste Belegung eines Platzes f\u00fcr zwei aufeinanderfolgende Stunden.<br \/>\nWegen evtl. Verlegung des Jugendtrainings aufgrund vermehrter schulischer Belastung auf sp\u00e4te Nachmittagsstunden oder gar den Abend beh\u00e4lt sich der Vorstand vor, die Trainingszeiten der Aktivenmannschaften den Erfordernissen anzupassen.<\/p>\n<p><strong>Gastspieler<\/strong><br \/>\nG\u00e4ste tragen sich vor Spielbeginn in eine (im Clubhaus oder an der Au\u00dfenwand befindliche Liste) ein und belegen einen Platz mit einer &#8222;Gast&#8220;-Karte.<br \/>\nDie Gastgeb\u00fchr wird vor Verlassen der Anlage einem Clubmitglied \u00fcbergeben. Dieses best\u00e4tigt den Erhalt durch Namenszeichen auf der G\u00e4steliste.<br \/>\nDie Vergabe von Dauerkarten ist mit dem Vorstand abzusprechen.<\/p>\n<p><strong>Platzpflege<\/strong><br \/>\nDie Platzpflege muss zur Erhaltung unserer Anlage unbedingt den Regelungen entsprechend durchgef\u00fchrt werden.<br \/>\nAlso:<br \/>\n&#8211; vor Spielbeginn w\u00e4ssern<br \/>\n&#8211; nach Spielende gr\u00f6\u00dfere Unebenheiten egalisieren<br \/>\n&#8211; anschlie\u00dfend den gesamten Platz &#8211; nicht nur die Spielfl\u00e4che! &#8211; abziehen<\/p>\n<p>Die Benutzung der Pl\u00e4tze kann vom Vorstand bei gegebenem Anlass eingeschr\u00e4nkt oder untersagt werden<\/p>\n","protected":false},"excerpt":{"rendered":"<p>Die Anlage Wir bitten, das Gel\u00e4nde, die Tennispl\u00e4tze und das Clubhaus sauber zu halten. Die Benutzung der Pl\u00e4tze ist nur zur Aus\u00fcbung des Tennissports gestattet. Dazu sind unbedingt Tennisschuhe zu tragen. Das Betreten des Clubhauses ist mit Tennisschuhen nicht gestattet. Beim Verlassen der Anlage (Clubhaus, Pl\u00e4tze) ist abzuschlie\u00dfen. Gegen Pfand erhalten Mitglieder vom Technischen Leiter einen Schl\u00fcssel. Spielberechtigung Allen Mitgliedern im Besitz einer auf ihren Namen lautenden Magnetkarte (aktive Mitglieder) ist die Platzbenutzung jederzeit gestattet. Nichtmitglieder k\u00f6nnen gegen Geb\u00fchr ( 5 \u20ac pro Person, 10 \u20ac pro Platz) die Anlage benutzen. Bei starker Frequentierung der Pl\u00e4tze durch Mitglieder kann die Benutzung f\u00fcr G\u00e4ste nach 17 Uhr unter Umst\u00e4nden eingeschr\u00e4nkt werden. Spielbetrieb Die Spielzeit betr\u00e4gt einschlie\u00dflich Platzpflege f\u00fcr Einzel und Doppel 60 Minuten. Spielberechtigt ist, wer seine Magnetkarte an der Zeittafel anh\u00e4ngt und bis zum Spielbeginn die Anlage nicht verl\u00e4sst. Nicht erlaubt ist zu spielen und seine Karte bereits f\u00fcr eine weitere Spielzeit zu h\u00e4ngen. Jede\/r Magnetkarteninhaber\/in hat die M\u00f6glichkeit, Platz 4 f\u00fcr eine Stunde einmal pro Woche vorzubestellen. eine Vorbelegung kann l\u00e4ngstens auf die n\u00e4chstfolgende Woche geschehen. Mannschaften haben zu Trainingszwecken Anspruch auf die feste Belegung eines Platzes f\u00fcr zwei aufeinanderfolgende Stunden. Wegen evtl. Verlegung des Jugendtrainings aufgrund vermehrter schulischer Belastung auf sp\u00e4te Nachmittagsstunden oder gar den Abend beh\u00e4lt sich der Vorstand vor, die Trainingszeiten der Aktivenmannschaften den Erfordernissen anzupassen. Gastspieler G\u00e4ste tragen sich vor Spielbeginn in eine (im Clubhaus oder an der Au\u00dfenwand befindliche Liste) ein und belegen einen Platz mit einer &#8222;Gast&#8220;-Karte. Die Gastgeb\u00fchr wird vor Verlassen der <a class=\"read-more\" href=\"https:\/\/www.tcnidda.de\/?page_id=134\">Continue Reading &#8594;<\/a><\/p>\n","protected":false},"author":2,"featured_media":0,"parent":0,"menu_order":0,"comment_status":"closed","ping_status":"closed","template":"","meta":{"_mc_calendar":[],"footnotes":""},"class_list":["post-134","page","type-page","status-publish","hentry"],"_links":{"self":[{"href":"https:\/\/www.tcnidda.de\/index.php?rest_route=\/wp\/v2\/pages\/134","targetHints":{"allow":["GET"]}}],"collection":[{"href":"https:\/\/www.tcnidda.de\/index.php?rest_route=\/wp\/v2\/pages"}],"about":[{"href":"https:\/\/www.tcnidda.de\/index.php?rest_route=\/wp\/v2\/types\/page"}],"author":[{"embeddable":true,"href":"https:\/\/www.tcnidda.de\/index.php?rest_route=\/wp\/v2\/users\/2"}],"replies":[{"embeddable":true,"href":"https:\/\/www.tcnidda.de\/index.php?rest_route=%2Fwp%2Fv2%2Fcomments&post=134"}],"version-history":[{"count":4,"href":"https:\/\/www.tcnidda.de\/index.php?rest_route=\/wp\/v2\/pages\/134\/revisions"}],"predecessor-version":[{"id":1581,"href":"https:\/\/www.tcnidda.de\/index.php?rest_route=\/wp\/v2\/pages\/134\/revisions\/1581"}],"wp:attachment":[{"href":"https:\/\/www.tcnidda.de\/index.php?rest_route=%2Fwp%2Fv2%2Fmedia&parent=134"}],"curies":[{"name":"wp","href":"https:\/\/api.w.org\/{rel}","templated":true}]}}