{"id":1231,"date":"2020-06-30T20:16:23","date_gmt":"2020-06-30T19:16:23","guid":{"rendered":"https:\/\/www.tcnidda.de\/?page_id=1231"},"modified":"2022-04-10T10:00:24","modified_gmt":"2022-04-10T09:00:24","slug":"platzordnung-online","status":"publish","type":"page","link":"https:\/\/www.tcnidda.de\/?page_id=1231","title":{"rendered":"Platzordnung"},"content":{"rendered":"<p><strong>Die Anlage<\/strong><br \/>\nWir bitten, das Gel\u00e4nde, die Tennispl\u00e4tze und das Clubhaus sauber zu halten.<br \/>\nDie Benutzung der Pl\u00e4tze ist nur zur Aus\u00fcbung des Tennissports gestattet. Dazu sind unbedingt Tennisschuhe zu tragen.<\/p>\n<p>Das Betreten des Clubhauses ist mit Tennisschuhen nicht gestattet.<br \/>\nBeim Verlassen der Anlage (Clubhaus, Pl\u00e4tze) ist abzuschlie\u00dfen. Gegen Pfand erhalten Mitglieder durch ein Vorstandsmitglied einen Schl\u00fcssel.<\/p>\n<p><strong>Spielberechtigung<\/strong><br \/>\nAllen Mitgliedern ist die Platzbenutzung jederzeit gestattet. Es mu\u00df zuvor eine Reservierung \u00fcber das Online Reservierungssystem durchgef\u00fchrt werden.<br \/>\nNichtmitglieder k\u00f6nnen gegen Geb\u00fchr ( 5 \u20ac pro Person, 10 \u20ac pro Platz) die Anlage benutzen. Bei starker Frequentierung der Pl\u00e4tze durch Mitglieder kann die Benutzung f\u00fcr G\u00e4ste nach 17 Uhr unter Umst\u00e4nden eingeschr\u00e4nkt werden.<\/p>\n<p><strong>Spielbetrieb<br \/>\n<\/strong>Die maximale Spielzeit an Wochentagen in der Zeit von 17:00 bis 19:00 betr\u00e4gt einschlie\u00dflich Platzpflege f\u00fcr Einzel 60 Minuten und Doppel 120 Minuten.<br \/>\nAn den Wochenenden und au\u00dferhalb dieser Hauptspielzeit f\u00fcr Einzel oder Doppel 120 Minuten.<br \/>\nSpielberechtigt ist, wer eine Reservierung \u00fcber das Online Reservierungssystem durchgef\u00fchrt hat.<br \/>\nMannschaften haben zu Trainingszwecken Anspruch auf die feste Belegung eines Platzes f\u00fcr zwei aufeinanderfolgende Stunden.<br \/>\nWegen evtl. Verlegung des Jugendtrainings aufgrund vermehrter schulischer Belastung auf sp\u00e4te Nachmittagsstunden oder gar den Abend beh\u00e4lt sich der Vorstand vor, die Trainingszeiten der Aktivenmannschaften den Erfordernissen anzupassen.<\/p>\n<p><strong>Gastspieler<br \/>\n<\/strong>G\u00e4ste m\u00fcssen sich im Online Reservierungssystem registrieren und k\u00f6nnen nur als Mitspieler ausgew\u00e4hlt werden.<br \/>\nDie Gastgeb\u00fchr wird vor Verlassen der Anlage durch das reservierende Clubmitglied in die Kasse eingezahlt oder auf dem Getr\u00e4nkezettel mit Vermerk Gastspieler eingetragen.<br \/>\nDie Reservierung von zwei oder mehrere Gastspieler (Doppel) kann nur durch ein Vorstandsmitglied erfolgen.<\/p>\n<p><strong>Platzpflege<\/strong><br \/>\nDie Platzpflege muss zur Erhaltung unserer Anlage unbedingt den Regelungen entsprechend durchgef\u00fchrt werden.<br \/>\nAlso:<br \/>\n&#8211; vor Spielbeginn w\u00e4ssern<br \/>\n&#8211; nach Spielende gr\u00f6\u00dfere Unebenheiten egalisieren<br \/>\n&#8211; anschlie\u00dfend den gesamten Platz &#8211; nicht nur die Spielfl\u00e4che! &#8211; abziehen<\/p>\n<p>Die Benutzung der Pl\u00e4tze kann vom Vorstand bei gegebenem Anlass eingeschr\u00e4nkt oder untersagt werden.<\/p>\n","protected":false},"excerpt":{"rendered":"<p>Die Anlage Wir bitten, das Gel\u00e4nde, die Tennispl\u00e4tze und das Clubhaus sauber zu halten. Die Benutzung der Pl\u00e4tze ist nur zur Aus\u00fcbung des Tennissports gestattet. Dazu sind unbedingt Tennisschuhe zu tragen. Das Betreten des Clubhauses ist mit Tennisschuhen nicht gestattet. Beim Verlassen der Anlage (Clubhaus, Pl\u00e4tze) ist abzuschlie\u00dfen. Gegen Pfand erhalten Mitglieder durch ein Vorstandsmitglied einen Schl\u00fcssel. Spielberechtigung Allen Mitgliedern ist die Platzbenutzung jederzeit gestattet. Es mu\u00df zuvor eine Reservierung \u00fcber das Online Reservierungssystem durchgef\u00fchrt werden. Nichtmitglieder k\u00f6nnen gegen Geb\u00fchr ( 5 \u20ac pro Person, 10 \u20ac pro Platz) die Anlage benutzen. Bei starker Frequentierung der Pl\u00e4tze durch Mitglieder kann die Benutzung f\u00fcr G\u00e4ste nach 17 Uhr unter Umst\u00e4nden eingeschr\u00e4nkt werden. Spielbetrieb Die maximale Spielzeit an Wochentagen in der Zeit von 17:00 bis 19:00 betr\u00e4gt einschlie\u00dflich Platzpflege f\u00fcr Einzel 60 Minuten und Doppel 120 Minuten. An den Wochenenden und au\u00dferhalb dieser Hauptspielzeit f\u00fcr Einzel oder Doppel 120 Minuten. Spielberechtigt ist, wer eine Reservierung \u00fcber das Online Reservierungssystem durchgef\u00fchrt hat. Mannschaften haben zu Trainingszwecken Anspruch auf die feste Belegung eines Platzes f\u00fcr zwei aufeinanderfolgende Stunden. Wegen evtl. Verlegung des Jugendtrainings aufgrund vermehrter schulischer Belastung auf sp\u00e4te Nachmittagsstunden oder gar den Abend beh\u00e4lt sich der Vorstand vor, die Trainingszeiten der Aktivenmannschaften den Erfordernissen anzupassen. Gastspieler G\u00e4ste m\u00fcssen sich im Online Reservierungssystem registrieren und k\u00f6nnen nur als Mitspieler ausgew\u00e4hlt werden. Die Gastgeb\u00fchr wird vor Verlassen der Anlage durch das reservierende Clubmitglied in die Kasse eingezahlt oder auf dem Getr\u00e4nkezettel mit Vermerk Gastspieler eingetragen. Die Reservierung von zwei oder mehrere Gastspieler (Doppel) kann nur <a class=\"read-more\" href=\"https:\/\/www.tcnidda.de\/?page_id=1231\">Continue Reading &#8594;<\/a><\/p>\n","protected":false},"author":2,"featured_media":0,"parent":0,"menu_order":0,"comment_status":"closed","ping_status":"closed","template":"","meta":{"_mc_calendar":[],"footnotes":""},"class_list":["post-1231","page","type-page","status-publish","hentry"],"_links":{"self":[{"href":"https:\/\/www.tcnidda.de\/index.php?rest_route=\/wp\/v2\/pages\/1231","targetHints":{"allow":["GET"]}}],"collection":[{"href":"https:\/\/www.tcnidda.de\/index.php?rest_route=\/wp\/v2\/pages"}],"about":[{"href":"https:\/\/www.tcnidda.de\/index.php?rest_route=\/wp\/v2\/types\/page"}],"author":[{"embeddable":true,"href":"https:\/\/www.tcnidda.de\/index.php?rest_route=\/wp\/v2\/users\/2"}],"replies":[{"embeddable":true,"href":"https:\/\/www.tcnidda.de\/index.php?rest_route=%2Fwp%2Fv2%2Fcomments&post=1231"}],"version-history":[{"count":2,"href":"https:\/\/www.tcnidda.de\/index.php?rest_route=\/wp\/v2\/pages\/1231\/revisions"}],"predecessor-version":[{"id":1582,"href":"https:\/\/www.tcnidda.de\/index.php?rest_route=\/wp\/v2\/pages\/1231\/revisions\/1582"}],"wp:attachment":[{"href":"https:\/\/www.tcnidda.de\/index.php?rest_route=%2Fwp%2Fv2%2Fmedia&parent=1231"}],"curies":[{"name":"wp","href":"https:\/\/api.w.org\/{rel}","templated":true}]}}